{"id":4689,"date":"2023-09-19T09:56:11","date_gmt":"2023-09-19T09:56:11","guid":{"rendered":"https:\/\/fitsmart.io\/shop\/?page_id=4689"},"modified":"2025-02-13T13:50:56","modified_gmt":"2025-02-13T13:50:56","slug":"ruckgabe","status":"publish","type":"page","link":"https:\/\/fitsmart.io\/shop\/ruckgabe\/","title":{"rendered":"R\u00fcckgabe"},"content":{"rendered":"\t\t<div data-elementor-type=\"wp-page\" data-elementor-id=\"4689\" class=\"elementor elementor-4689\" data-elementor-post-type=\"page\">\n\t\t\t\t\t\t<section class=\"elementor-section elementor-top-section elementor-element elementor-element-2b8f1d7 elementor-section-boxed elementor-section-height-default elementor-section-height-default\" data-id=\"2b8f1d7\" data-element_type=\"section\" data-settings=\"{&quot;background_background&quot;:&quot;gradient&quot;}\">\n\t\t\t\t\t\t<div class=\"elementor-container elementor-column-gap-default\">\n\t\t\t\t\t<div class=\"elementor-column elementor-col-100 elementor-top-column elementor-element elementor-element-2777167\" data-id=\"2777167\" data-element_type=\"column\">\n\t\t\t<div class=\"elementor-widget-wrap elementor-element-populated\">\n\t\t\t\t\t\t<div class=\"elementor-element elementor-element-6859a0c elementor-widget elementor-widget-heading\" data-id=\"6859a0c\" data-element_type=\"widget\" data-widget_type=\"heading.default\">\n\t\t\t\t<div class=\"elementor-widget-container\">\n\t\t\t\t\t<h2 class=\"elementor-heading-title elementor-size-default\">R\u00fcckgabe<\/h2>\t\t\t\t<\/div>\n\t\t\t\t<\/div>\n\t\t\t\t<div class=\"elementor-element elementor-element-81c5179 elementor-widget-divider--view-line elementor-widget elementor-widget-divider\" data-id=\"81c5179\" data-element_type=\"widget\" data-widget_type=\"divider.default\">\n\t\t\t\t<div class=\"elementor-widget-container\">\n\t\t\t\t\t\t\t<div class=\"elementor-divider\">\n\t\t\t<span class=\"elementor-divider-separator\">\n\t\t\t\t\t\t<\/span>\n\t\t<\/div>\n\t\t\t\t\t\t<\/div>\n\t\t\t\t<\/div>\n\t\t\t\t\t<\/div>\n\t\t<\/div>\n\t\t\t\t\t<\/div>\n\t\t<\/section>\n\t\t\t\t<section class=\"elementor-section elementor-top-section elementor-element elementor-element-ac5f1d7 terms-sctn elementor-section-boxed elementor-section-height-default elementor-section-height-default\" data-id=\"ac5f1d7\" data-element_type=\"section\">\n\t\t\t\t\t\t<div class=\"elementor-container elementor-column-gap-default\">\n\t\t\t\t\t<div class=\"elementor-column elementor-col-100 elementor-top-column elementor-element elementor-element-ade1b72\" data-id=\"ade1b72\" data-element_type=\"column\">\n\t\t\t<div class=\"elementor-widget-wrap elementor-element-populated\">\n\t\t\t\t\t\t<div class=\"elementor-element elementor-element-97e5812 elementor-widget elementor-widget-text-editor\" data-id=\"97e5812\" data-element_type=\"widget\" data-widget_type=\"text-editor.default\">\n\t\t\t\t<div class=\"elementor-widget-container\">\n\t\t\t\t\t\t\t\t\t<div>\n<h2><span>Richtlinien f\u00fcr R\u00fcckgabe und Umtausch<\/span><\/h2>\n<\/div>\n<div>\n<p><strong>WIR NEHMEN KUNDENZUFRIEDENHEIT ERNST<\/strong><\/p>\n<p><span>Wir legen gro\u00dfen Wert darauf, dass Ihr Einkaufserlebnis bei uns bestm\u00f6glich ist. Hier finden Sie Informationen zur Handhabung von R\u00fccksendungen, besch\u00e4digten Produkten und Stornierungen.<\/span><\/p>\n<\/div>\n<p><strong>WIE SIE EINEN KAUF SOFORT STORNIEREN K\u00d6NNEN<\/strong><\/p>\n<div data-bs-parent=\"#accordion\">\n<div>\n<p><span>Bitte beachten Sie, dass Ihre Kreditkarte erst belastet wird, wenn der Artikel aus unserem Lager versendet wird. Falls Sie Ihre Bestellung stornieren m\u00f6chten, bevor der Versand erfolgt, kontaktieren Sie bitte umgehend unseren Kundenservice. Wir werden unser Bestes tun, um das Paket aufzuhalten, bevor es verschickt wird. Normalerweise versenden wir noch am selben Tag. Wenn Sie eine Bestellung stornieren m\u00f6chten, senden Sie bitte eine E-Mail an unseren Kundenservice mit dem Betreff &#8222;Stornierung&#8220; und Ihrer Bestellnummer, damit wir Ihre Anfrage richtig bearbeiten k\u00f6nnen. <\/span>Durch unsere schnelle Versandabwicklung k\u00f6nnen wir nicht garantieren, dass jede Bestellung rechtzeitig storniert werden kann. Wir erstatten ihnen den bezahlten Betrag in maximal 15 Tagen.<\/p>\n<p><strong>WIR ERSTATTEN ARTIKEL, DIE KORREKT AN UNS ZUR\u00dcCK GESCHICKT WURDEN<\/strong><\/p>\n<div data-bs-parent=\"#accordion\">\n<div>\n<p>Sollten Sie mit Ihrem Kauf nicht vollst\u00e4ndig zufrieden sein, geben wir Ihnen die M\u00f6glichkeit, die Ware innerhalb von 14 Kalendertagen nach Erhalt zur\u00fcckzusenden. Alle Artikel m\u00fcssen in der Originalverpackung, unge\u00f6ffnet, unbenutzt und unbesch\u00e4digt (falls zutreffend) zur\u00fcckgegeben werden und f\u00fcr den Wiederverkauf geeignet sein.<\/p>\n<\/div>\n<\/div>\n<p><strong>WIE SIE DIE WARE ZU UNS ZUR\u00dcCK SCHICKEN<\/strong><\/p>\n<div data-bs-parent=\"#accordion\">\n<div>\n<p>Wenn Sie einen Artikel zur\u00fccksenden m\u00f6chten,&nbsp;wenden Sie sich bitte zuerst an unseren Kundenservice per Email<br><a href=\"mailto: service@leaderoo.com\">(bitte klicken sie dazu hier).<\/a> Sofern wir keine Mitteilung von Ihnen erhalten, kann eine R\u00fcckerstattung nicht garantiert werden. Dem Kunden entstandene R\u00fccksendekosten sind nicht erstattungsf\u00e4hig.<\/p><p><br><\/p>\n<p><strong>R\u00fccksendeadresse:<\/strong><\/p>\n<p>FitSmart<strong><br><\/strong><\/p><p>Der Lauf 5303-A<\/p><p>Veldhoven 5503 LW<\/p><p>Niederlande<\/p><p><br><\/p>\n<p>Bitte senden Sie nichts an uns zur\u00fcck, ohne vorher mit einem Mitglied unseres Kundendienstteams R\u00fccksprache zu halten <a href=\"mailto: service@leaderoo.com\">(bitte klicken Sie dazu hier)<\/a> Sobald wir Ihre R\u00fccksendung erhalten haben, erstatten wir Ihnen den bezahlten Betrag innerhalb von 15 Tagen.<\/p>\n<p><strong><br>HABEN SIE FRAGEN?<\/strong><\/p>\n<div data-bs-parent=\"#accordion\">\n<div>Bitte kontaktieren Sie unser <a href=\"mailto: service@leaderoo.com\">Kundenservice<\/a>&nbsp;f\u00fcr weitere Unterst\u00fctzung.<\/div>\n<\/div>\n<\/div>\n<\/div>\n<\/div>\n<\/div>\t\t\t\t\t\t\t\t<\/div>\n\t\t\t\t<\/div>\n\t\t\t\t\t<\/div>\n\t\t<\/div>\n\t\t\t\t\t<\/div>\n\t\t<\/section>\n\t\t\t\t<\/div>\n\t\t","protected":false},"excerpt":{"rendered":"<p>R\u00fcckgabe Richtlinien f\u00fcr R\u00fcckgabe und Umtausch WIR NEHMEN KUNDENZUFRIEDENHEIT ERNST Wir legen gro\u00dfen Wert darauf, dass Ihr Einkaufserlebnis bei uns bestm\u00f6glich ist. Hier finden Sie Informationen zur Handhabung von R\u00fccksendungen, besch\u00e4digten Produkten und Stornierungen. WIE SIE EINEN KAUF SOFORT STORNIEREN K\u00d6NNEN Bitte beachten Sie, dass Ihre Kreditkarte erst belastet wird, wenn der Artikel aus unserem&hellip; <a class=\"more-link\" href=\"https:\/\/fitsmart.io\/shop\/ruckgabe\/\"><span class=\"screen-reader-text\">R\u00fcckgabe<\/span> weiterlesen<\/a><\/p>\n","protected":false},"author":1,"featured_media":0,"parent":0,"menu_order":0,"comment_status":"closed","ping_status":"closed","template":"elementor_header_footer","meta":{"_acf_changed":false,"bwfblock_default_font":"","inline_featured_image":false,"footnotes":""},"class_list":["post-4689","page","type-page","status-publish","hentry","entry"],"acf":[],"_links":{"self":[{"href":"https:\/\/fitsmart.io\/shop\/wp-json\/wp\/v2\/pages\/4689","targetHints":{"allow":["GET"]}}],"collection":[{"href":"https:\/\/fitsmart.io\/shop\/wp-json\/wp\/v2\/pages"}],"about":[{"href":"https:\/\/fitsmart.io\/shop\/wp-json\/wp\/v2\/types\/page"}],"author":[{"embeddable":true,"href":"https:\/\/fitsmart.io\/shop\/wp-json\/wp\/v2\/users\/1"}],"replies":[{"embeddable":true,"href":"https:\/\/fitsmart.io\/shop\/wp-json\/wp\/v2\/comments?post=4689"}],"version-history":[{"count":9,"href":"https:\/\/fitsmart.io\/shop\/wp-json\/wp\/v2\/pages\/4689\/revisions"}],"predecessor-version":[{"id":163286,"href":"https:\/\/fitsmart.io\/shop\/wp-json\/wp\/v2\/pages\/4689\/revisions\/163286"}],"wp:attachment":[{"href":"https:\/\/fitsmart.io\/shop\/wp-json\/wp\/v2\/media?parent=4689"}],"curies":[{"name":"wp","href":"https:\/\/api.w.org\/{rel}","templated":true}]}}