{"id":1699,"date":"2023-08-29T05:36:36","date_gmt":"2023-08-29T05:36:36","guid":{"rendered":"https:\/\/fitsmart.io\/shop\/?page_id=1699"},"modified":"2024-05-28T21:06:15","modified_gmt":"2024-05-28T21:06:15","slug":"ingredients","status":"publish","type":"page","link":"https:\/\/fitsmart.io\/shop\/ingredients\/","title":{"rendered":"ingredients"},"content":{"rendered":"\t\t<div data-elementor-type=\"wp-page\" data-elementor-id=\"1699\" class=\"elementor elementor-1699\" data-elementor-post-type=\"page\">\n\t\t\t\t\t\t<section class=\"elementor-section elementor-top-section elementor-element elementor-element-1ee78f9 elementor-section-boxed elementor-section-height-default elementor-section-height-default\" data-id=\"1ee78f9\" data-element_type=\"section\" data-settings=\"{&quot;background_background&quot;:&quot;gradient&quot;}\">\n\t\t\t\t\t\t<div class=\"elementor-container elementor-column-gap-default\">\n\t\t\t\t\t<div class=\"elementor-column elementor-col-100 elementor-top-column elementor-element elementor-element-6306dd5\" data-id=\"6306dd5\" data-element_type=\"column\">\n\t\t\t<div class=\"elementor-widget-wrap elementor-element-populated\">\n\t\t\t\t\t\t<div class=\"elementor-element elementor-element-2c152ca elementor-widget elementor-widget-heading\" data-id=\"2c152ca\" data-element_type=\"widget\" data-widget_type=\"heading.default\">\n\t\t\t\t<div class=\"elementor-widget-container\">\n\t\t\t\t\t<h2 class=\"elementor-heading-title elementor-size-default\">Inhaltsstoffe<\/h2>\t\t\t\t<\/div>\n\t\t\t\t<\/div>\n\t\t\t\t<div class=\"elementor-element elementor-element-2e5f56c elementor-widget-divider--view-line elementor-widget elementor-widget-divider\" data-id=\"2e5f56c\" data-element_type=\"widget\" data-widget_type=\"divider.default\">\n\t\t\t\t<div class=\"elementor-widget-container\">\n\t\t\t\t\t\t\t<div class=\"elementor-divider\">\n\t\t\t<span class=\"elementor-divider-separator\">\n\t\t\t\t\t\t<\/span>\n\t\t<\/div>\n\t\t\t\t\t\t<\/div>\n\t\t\t\t<\/div>\n\t\t\t\t\t<\/div>\n\t\t<\/div>\n\t\t\t\t\t<\/div>\n\t\t<\/section>\n\t\t\t\t<section class=\"elementor-section elementor-top-section elementor-element elementor-element-793a223 elementor-section-stretched elementor-section-boxed elementor-section-height-default elementor-section-height-default\" data-id=\"793a223\" data-element_type=\"section\" data-settings=\"{&quot;stretch_section&quot;:&quot;section-stretched&quot;,&quot;background_background&quot;:&quot;classic&quot;}\">\n\t\t\t\t\t\t<div class=\"elementor-container elementor-column-gap-default\">\n\t\t\t\t\t<div class=\"elementor-column elementor-col-100 elementor-top-column elementor-element elementor-element-77cd9ab\" data-id=\"77cd9ab\" data-element_type=\"column\">\n\t\t\t<div class=\"elementor-widget-wrap elementor-element-populated\">\n\t\t\t\t\t\t<section class=\"elementor-section elementor-inner-section elementor-element elementor-element-59464b9 elementor-section-content-middle elementor-section-boxed elementor-section-height-default elementor-section-height-default\" data-id=\"59464b9\" data-element_type=\"section\">\n\t\t\t\t\t\t<div class=\"elementor-container elementor-column-gap-default\">\n\t\t\t\t\t<div class=\"elementor-column elementor-col-100 elementor-inner-column elementor-element elementor-element-311c6be\" data-id=\"311c6be\" data-element_type=\"column\">\n\t\t\t<div class=\"elementor-widget-wrap elementor-element-populated\">\n\t\t\t\t\t\t<div class=\"elementor-element elementor-element-54de97b elementor-widget__width-initial elementor-widget elementor-widget-text-editor\" data-id=\"54de97b\" data-element_type=\"widget\" data-widget_type=\"text-editor.default\">\n\t\t\t\t<div class=\"elementor-widget-container\">\n\t\t\t\t\t\t\t\t\t<p>Die Inhaltsstoffe von FitSmart wurden sorgf\u00e4ltig ausgew\u00e4hlt und umfassen Niacin (Vitamin B3), Himbeerfruchtextrakt, Gr\u00fcnen Tee Blattextrakt, Guarana-Samenextrakt und N-Acetyl-L-Carnitin. Jeder dieser Inhaltsstoffe tr\u00e4gt zur einzigartigen Formel bei, die darauf abzielt, Ihre Gesundheit und Ihr Wohlbefinden zu unterst\u00fctzen. Von Niacin zur F\u00f6rderung des Energiestoffwechsels bis hin zu Gr\u00fcntee-Extrakt als Antioxidansquelle bietet FitSmart eine ganzheitliche L\u00f6sung f\u00fcr Ihre Ern\u00e4hrungsbed\u00fcrfnisse.<\/p>\t\t\t\t\t\t\t\t<\/div>\n\t\t\t\t<\/div>\n\t\t\t\t\t<\/div>\n\t\t<\/div>\n\t\t\t\t\t<\/div>\n\t\t<\/section>\n\t\t\t\t\t<\/div>\n\t\t<\/div>\n\t\t\t\t\t<\/div>\n\t\t<\/section>\n\t\t\t\t<section class=\"elementor-section elementor-top-section elementor-element elementor-element-f52ad36 elementor-section-stretched elementor-section-boxed elementor-section-height-default elementor-section-height-default\" data-id=\"f52ad36\" data-element_type=\"section\" data-settings=\"{&quot;stretch_section&quot;:&quot;section-stretched&quot;,&quot;background_background&quot;:&quot;classic&quot;}\">\n\t\t\t\t\t\t<div class=\"elementor-container elementor-column-gap-default\">\n\t\t\t\t\t<div class=\"elementor-column elementor-col-100 elementor-top-column elementor-element elementor-element-a478a7f\" data-id=\"a478a7f\" data-element_type=\"column\">\n\t\t\t<div class=\"elementor-widget-wrap elementor-element-populated\">\n\t\t\t\t\t\t<section class=\"elementor-section elementor-inner-section elementor-element elementor-element-c541892 elementor-section-content-middle elementor-section-boxed elementor-section-height-default elementor-section-height-default\" data-id=\"c541892\" data-element_type=\"section\">\n\t\t\t\t\t\t<div class=\"elementor-container elementor-column-gap-default\">\n\t\t\t\t\t<div class=\"elementor-column elementor-col-50 elementor-inner-column elementor-element elementor-element-a1ba719\" data-id=\"a1ba719\" data-element_type=\"column\" data-settings=\"{&quot;background_background&quot;:&quot;classic&quot;}\">\n\t\t\t<div class=\"elementor-widget-wrap elementor-element-populated\">\n\t\t\t\t\t\t<div class=\"elementor-element elementor-element-e9748ae elementor-widget elementor-widget-image\" data-id=\"e9748ae\" data-element_type=\"widget\" data-widget_type=\"image.default\">\n\t\t\t\t<div class=\"elementor-widget-container\">\n\t\t\t\t\t\t\t\t\t\t\t\t\t\t\t<img fetchpriority=\"high\" decoding=\"async\" width=\"300\" height=\"200\" src=\"https:\/\/fitsmart.io\/shop\/wp-content\/uploads\/2023\/09\/iStock-1164873532-300x200.jpg\" class=\"attachment-medium size-medium wp-image-4387\" alt=\"\" srcset=\"https:\/\/fitsmart.io\/shop\/wp-content\/uploads\/2023\/09\/iStock-1164873532-300x200.jpg 300w, https:\/\/fitsmart.io\/shop\/wp-content\/uploads\/2023\/09\/iStock-1164873532-600x400.jpg 600w, https:\/\/fitsmart.io\/shop\/wp-content\/uploads\/2023\/09\/iStock-1164873532.jpg 724w\" sizes=\"(max-width: 300px) 100vw, 300px\" style=\"width:100%;height:66.71%;max-width:724px\" \/>\t\t\t\t\t\t\t\t\t\t\t\t\t\t\t<\/div>\n\t\t\t\t<\/div>\n\t\t\t\t\t<\/div>\n\t\t<\/div>\n\t\t\t\t<div class=\"elementor-column elementor-col-50 elementor-inner-column elementor-element elementor-element-bdd7d9b\" data-id=\"bdd7d9b\" data-element_type=\"column\">\n\t\t\t<div class=\"elementor-widget-wrap elementor-element-populated\">\n\t\t\t\t\t\t<div class=\"elementor-element elementor-element-63458df elementor-widget elementor-widget-text-editor\" data-id=\"63458df\" data-element_type=\"widget\" data-widget_type=\"text-editor.default\">\n\t\t\t\t<div class=\"elementor-widget-container\">\n\t\t\t\t\t\t\t\t\t<figure class=\"table-home-ingred\"><table><thead><tr><th>Inhaltsstoffe \u2013 1 Kapsel<\/th><th>\u00a0<\/th><th>% NRV.<\/th><\/tr><\/thead><tbody><tr><td><div class=\"page\" title=\"Page 1\"><div class=\"section\"><div class=\"layoutArea\"><div class=\"column\"><p>Niacin \/ Vitamin B3<\/p><\/div><\/div><\/div><\/div><\/td><td>16mg<\/td><td>**<\/td><\/tr><tr><td><div class=\"page\" title=\"Page 1\"><div class=\"section\"><div class=\"layoutArea\"><div class=\"column\"><p>Himbeerfruchtextrakt (Rubus idaeus) 10:1<\/p><\/div><\/div><\/div><\/div><\/td><td>150mg<\/td><td>**<\/td><\/tr><tr><td><div class=\"page\" title=\"Page 1\"><div class=\"section\"><div class=\"layoutArea\"><div class=\"column\"><p>Gru\u0308ner Tee (Camellia sinensis) Blattextrakt 4:1<\/p><\/div><\/div><\/div><\/div><\/td><td>10mg<\/td><td>**<\/td><\/tr><tr><td><div class=\"page\" title=\"Page 1\"><div class=\"section\"><div class=\"layoutArea\"><div class=\"column\"><p>Guarana (Paullinia cupana)-Samenextrakt 4:1<\/p><\/div><\/div><\/div><\/div><\/td><td>10mg<\/td><td>**<\/td><\/tr><tr><td><div class=\"page\" title=\"Page 1\"><div class=\"section\"><div class=\"layoutArea\"><div class=\"column\"><p>N-Acetyl-L-Carnitine<\/p><\/div><\/div><\/div><\/div><\/td><td>2mg<\/td><td>**<\/td><\/tr><\/tbody><\/table><p><br \/>* Prozentsatz des Referenzwertes nach Anlage XII der LMIV VO ( EG ) Nr. 1169\/2011 |<br \/>** Keine Empfehlung vorhanden<\/p><\/figure>\t\t\t\t\t\t\t\t<\/div>\n\t\t\t\t<\/div>\n\t\t\t\t\t<\/div>\n\t\t<\/div>\n\t\t\t\t\t<\/div>\n\t\t<\/section>\n\t\t\t\t\t<\/div>\n\t\t<\/div>\n\t\t\t\t\t<\/div>\n\t\t<\/section>\n\t\t\t\t<section class=\"elementor-section elementor-top-section elementor-element elementor-element-9088d06 elementor-section-stretched elementor-hidden-desktop elementor-hidden-tablet elementor-hidden-mobile_extra elementor-hidden-mobile elementor-section-boxed elementor-section-height-default elementor-section-height-default\" data-id=\"9088d06\" data-element_type=\"section\" data-settings=\"{&quot;stretch_section&quot;:&quot;section-stretched&quot;,&quot;background_background&quot;:&quot;classic&quot;}\">\n\t\t\t\t\t\t<div class=\"elementor-container elementor-column-gap-default\">\n\t\t\t\t\t<div class=\"elementor-column elementor-col-100 elementor-top-column elementor-element elementor-element-6367759\" data-id=\"6367759\" data-element_type=\"column\">\n\t\t\t<div class=\"elementor-widget-wrap elementor-element-populated\">\n\t\t\t\t\t\t<section class=\"elementor-section elementor-inner-section elementor-element elementor-element-7536b50 elementor-section-content-middle service-points elementor-section-boxed elementor-section-height-default elementor-section-height-default\" data-id=\"7536b50\" data-element_type=\"section\" data-settings=\"{&quot;background_background&quot;:&quot;classic&quot;}\">\n\t\t\t\t\t\t<div class=\"elementor-container elementor-column-gap-default\">\n\t\t\t\t\t<div class=\"elementor-column elementor-col-25 elementor-inner-column elementor-element elementor-element-080f401\" data-id=\"080f401\" data-element_type=\"column\">\n\t\t\t<div class=\"elementor-widget-wrap elementor-element-populated\">\n\t\t\t\t\t\t<div class=\"elementor-element elementor-element-d3b010d elementor-position-left elementor-vertical-align-middle elementor-widget elementor-widget-image-box\" data-id=\"d3b010d\" data-element_type=\"widget\" data-widget_type=\"image-box.default\">\n\t\t\t\t<div class=\"elementor-widget-container\">\n\t\t\t\t\t<div class=\"elementor-image-box-wrapper\"><figure class=\"elementor-image-box-img\"><img decoding=\"async\" width=\"123\" height=\"119\" src=\"https:\/\/fitsmart.io\/shop\/wp-content\/uploads\/2023\/09\/icon-1.png\" class=\"attachment-full size-full wp-image-3270\" alt=\"\" style=\"width:100%;height:96.75%;max-width:123px\" \/><\/figure><div class=\"elementor-image-box-content\"><h3 class=\"elementor-image-box-title\">Stoffwechselbooster<\/h3><\/div><\/div>\t\t\t\t<\/div>\n\t\t\t\t<\/div>\n\t\t\t\t\t<\/div>\n\t\t<\/div>\n\t\t\t\t<div class=\"elementor-column elementor-col-25 elementor-inner-column elementor-element elementor-element-35df81d\" data-id=\"35df81d\" data-element_type=\"column\">\n\t\t\t<div class=\"elementor-widget-wrap elementor-element-populated\">\n\t\t\t\t\t\t<div class=\"elementor-element elementor-element-3209dba elementor-position-left elementor-vertical-align-middle elementor-widget elementor-widget-image-box\" data-id=\"3209dba\" data-element_type=\"widget\" data-widget_type=\"image-box.default\">\n\t\t\t\t<div class=\"elementor-widget-container\">\n\t\t\t\t\t<div class=\"elementor-image-box-wrapper\"><figure class=\"elementor-image-box-img\"><img decoding=\"async\" width=\"123\" height=\"119\" src=\"https:\/\/fitsmart.io\/shop\/wp-content\/uploads\/2023\/09\/icon-2.png\" class=\"attachment-full size-full wp-image-3271\" alt=\"\" style=\"width:100%;height:96.75%;max-width:123px\" \/><\/figure><div class=\"elementor-image-box-content\"><h3 class=\"elementor-image-box-title\">Immungesundheit<\/h3><\/div><\/div>\t\t\t\t<\/div>\n\t\t\t\t<\/div>\n\t\t\t\t\t<\/div>\n\t\t<\/div>\n\t\t\t\t<div class=\"elementor-column elementor-col-25 elementor-inner-column elementor-element elementor-element-b078436\" data-id=\"b078436\" data-element_type=\"column\">\n\t\t\t<div class=\"elementor-widget-wrap elementor-element-populated\">\n\t\t\t\t\t\t<div class=\"elementor-element elementor-element-8693860 elementor-position-left elementor-vertical-align-middle elementor-widget elementor-widget-image-box\" data-id=\"8693860\" data-element_type=\"widget\" data-widget_type=\"image-box.default\">\n\t\t\t\t<div class=\"elementor-widget-container\">\n\t\t\t\t\t<div class=\"elementor-image-box-wrapper\"><figure class=\"elementor-image-box-img\"><img loading=\"lazy\" decoding=\"async\" width=\"123\" height=\"119\" src=\"https:\/\/fitsmart.io\/shop\/wp-content\/uploads\/2023\/09\/icon-3.png\" class=\"attachment-full size-full wp-image-3275\" alt=\"\" style=\"width:100%;height:96.75%;max-width:123px\" \/><\/figure><div class=\"elementor-image-box-content\"><h3 class=\"elementor-image-box-title\">Leckerer Beerengeschmack<\/h3><\/div><\/div>\t\t\t\t<\/div>\n\t\t\t\t<\/div>\n\t\t\t\t\t<\/div>\n\t\t<\/div>\n\t\t\t\t<div class=\"elementor-column elementor-col-25 elementor-inner-column elementor-element elementor-element-865ca76 last-box\" data-id=\"865ca76\" data-element_type=\"column\">\n\t\t\t<div class=\"elementor-widget-wrap elementor-element-populated\">\n\t\t\t\t\t\t<div class=\"elementor-element elementor-element-70bc98e elementor-position-left elementor-vertical-align-middle elementor-widget elementor-widget-image-box\" data-id=\"70bc98e\" data-element_type=\"widget\" data-widget_type=\"image-box.default\">\n\t\t\t\t<div class=\"elementor-widget-container\">\n\t\t\t\t\t<div class=\"elementor-image-box-wrapper\"><figure class=\"elementor-image-box-img\"><img loading=\"lazy\" decoding=\"async\" width=\"123\" height=\"119\" src=\"https:\/\/fitsmart.io\/shop\/wp-content\/uploads\/2023\/09\/icon-4.png\" class=\"attachment-full size-full wp-image-3276\" alt=\"\" style=\"width:100%;height:96.75%;max-width:123px\" \/><\/figure><div class=\"elementor-image-box-content\"><h3 class=\"elementor-image-box-title\">Frei von unerw\u00fcnschten Zusatzstoffen<\/h3><\/div><\/div>\t\t\t\t<\/div>\n\t\t\t\t<\/div>\n\t\t\t\t\t<\/div>\n\t\t<\/div>\n\t\t\t\t\t<\/div>\n\t\t<\/section>\n\t\t\t\t\t<\/div>\n\t\t<\/div>\n\t\t\t\t\t<\/div>\n\t\t<\/section>\n\t\t\t\t<\/div>\n\t\t","protected":false},"excerpt":{"rendered":"<p>Inhaltsstoffe Die Inhaltsstoffe von FitSmart wurden sorgf\u00e4ltig ausgew\u00e4hlt und umfassen Niacin (Vitamin B3), Himbeerfruchtextrakt, Gr\u00fcnen Tee Blattextrakt, Guarana-Samenextrakt und N-Acetyl-L-Carnitin. Jeder dieser Inhaltsstoffe tr\u00e4gt zur einzigartigen Formel bei, die darauf abzielt, Ihre Gesundheit und Ihr Wohlbefinden zu unterst\u00fctzen. Von Niacin zur F\u00f6rderung des Energiestoffwechsels bis hin zu Gr\u00fcntee-Extrakt als Antioxidansquelle bietet FitSmart eine ganzheitliche L\u00f6sung&hellip; <a class=\"more-link\" href=\"https:\/\/fitsmart.io\/shop\/ingredients\/\"><span class=\"screen-reader-text\">ingredients<\/span> weiterlesen<\/a><\/p>\n","protected":false},"author":1,"featured_media":0,"parent":0,"menu_order":0,"comment_status":"closed","ping_status":"closed","template":"elementor_header_footer","meta":{"_acf_changed":false,"bwfblock_default_font":"","inline_featured_image":false,"footnotes":""},"class_list":["post-1699","page","type-page","status-publish","hentry","entry"],"acf":[],"_links":{"self":[{"href":"https:\/\/fitsmart.io\/shop\/wp-json\/wp\/v2\/pages\/1699","targetHints":{"allow":["GET"]}}],"collection":[{"href":"https:\/\/fitsmart.io\/shop\/wp-json\/wp\/v2\/pages"}],"about":[{"href":"https:\/\/fitsmart.io\/shop\/wp-json\/wp\/v2\/types\/page"}],"author":[{"embeddable":true,"href":"https:\/\/fitsmart.io\/shop\/wp-json\/wp\/v2\/users\/1"}],"replies":[{"embeddable":true,"href":"https:\/\/fitsmart.io\/shop\/wp-json\/wp\/v2\/comments?post=1699"}],"version-history":[{"count":3,"href":"https:\/\/fitsmart.io\/shop\/wp-json\/wp\/v2\/pages\/1699\/revisions"}],"predecessor-version":[{"id":87686,"href":"https:\/\/fitsmart.io\/shop\/wp-json\/wp\/v2\/pages\/1699\/revisions\/87686"}],"wp:attachment":[{"href":"https:\/\/fitsmart.io\/shop\/wp-json\/wp\/v2\/media?parent=1699"}],"curies":[{"name":"wp","href":"https:\/\/api.w.org\/{rel}","templated":true}]}}