{"id":10083,"date":"2023-09-04T07:25:31","date_gmt":"2023-09-04T07:25:31","guid":{"rendered":"https:\/\/fitsmart.io\/shop\/expedicao\/"},"modified":"2024-05-31T13:19:32","modified_gmt":"2024-05-31T13:19:32","slug":"expedicao","status":"publish","type":"page","link":"https:\/\/fitsmart.io\/shop\/pt-pt\/expedicao\/","title":{"rendered":"Expedi\u00e7\u00e3o"},"content":{"rendered":"\t\t<div data-elementor-type=\"wp-page\" data-elementor-id=\"10083\" class=\"elementor elementor-10083 elementor-2756\" data-elementor-post-type=\"page\">\n\t\t\t\t\t\t<section class=\"elementor-section elementor-top-section elementor-element elementor-element-faa6436 elementor-section-boxed elementor-section-height-default elementor-section-height-default\" data-id=\"faa6436\" data-element_type=\"section\" data-settings=\"{&quot;background_background&quot;:&quot;gradient&quot;}\">\n\t\t\t\t\t\t<div class=\"elementor-container elementor-column-gap-default\">\n\t\t\t\t\t<div class=\"elementor-column elementor-col-100 elementor-top-column elementor-element elementor-element-7b70337\" data-id=\"7b70337\" data-element_type=\"column\">\n\t\t\t<div class=\"elementor-widget-wrap elementor-element-populated\">\n\t\t\t\t\t\t<div class=\"elementor-element elementor-element-f4665ce elementor-widget elementor-widget-heading\" data-id=\"f4665ce\" data-element_type=\"widget\" data-widget_type=\"heading.default\">\n\t\t\t\t<div class=\"elementor-widget-container\">\n\t\t\t\t\t<h2 class=\"elementor-heading-title elementor-size-default\">Informa\u00e7\u00f5es de envio<\/h2>\t\t\t\t<\/div>\n\t\t\t\t<\/div>\n\t\t\t\t<div class=\"elementor-element elementor-element-f4a50cf elementor-widget-divider--view-line elementor-widget elementor-widget-divider\" data-id=\"f4a50cf\" data-element_type=\"widget\" data-widget_type=\"divider.default\">\n\t\t\t\t<div class=\"elementor-widget-container\">\n\t\t\t\t\t\t\t<div class=\"elementor-divider\">\n\t\t\t<span class=\"elementor-divider-separator\">\n\t\t\t\t\t\t<\/span>\n\t\t<\/div>\n\t\t\t\t\t\t<\/div>\n\t\t\t\t<\/div>\n\t\t\t\t\t<\/div>\n\t\t<\/div>\n\t\t\t\t\t<\/div>\n\t\t<\/section>\n\t\t\t\t<section class=\"elementor-section elementor-top-section elementor-element elementor-element-9e17a5f shipping-page elementor-section-boxed elementor-section-height-default elementor-section-height-default\" data-id=\"9e17a5f\" data-element_type=\"section\">\n\t\t\t\t\t\t<div class=\"elementor-container elementor-column-gap-default\">\n\t\t\t\t\t<div class=\"elementor-column elementor-col-100 elementor-top-column elementor-element elementor-element-4f61508\" data-id=\"4f61508\" data-element_type=\"column\">\n\t\t\t<div class=\"elementor-widget-wrap elementor-element-populated\">\n\t\t\t\t\t\t<div class=\"elementor-element elementor-element-426ca92 elementor-widget elementor-widget-text-editor\" data-id=\"426ca92\" data-element_type=\"widget\" data-widget_type=\"text-editor.default\">\n\t\t\t\t<div class=\"elementor-widget-container\">\n\t\t\t\t\t\t\t\t\t<p><strong>Quanto tempo demora a minha encomenda a chegar?<\/strong><\/p><p>Esfor\u00e7amo-nos por entregar no prazo de 3 a 6 dias \u00fateis. Nas horas de ponta, como durante<br \/>\u00c9 de esperar prazos de entrega mais longos durante os per\u00edodos de f\u00e9rias.<\/p><p><strong>A minha encomenda n\u00e3o chegou, o que devo fazer?<\/strong><\/p><p>Se n\u00e3o receber a sua encomenda 10 dias ap\u00f3s a rece\u00e7\u00e3o da confirma\u00e7\u00e3o de expedi\u00e7\u00e3o<br \/>Se tiver alguma d\u00favida, contacte o nosso servi\u00e7o de apoio ao cliente. O utilizador ser\u00e1 capaz de<br \/>ajudar tanto quanto poss\u00edvel. Se n\u00e3o tiver recebido uma confirma\u00e7\u00e3o de envio,<br \/>Verifique a sua pasta de spam.<\/p><p><strong>Recebi uma encomenda vossa que n\u00e3o encomendei. O que \u00e9 que eu posso fazer?<\/strong><\/p><p>Recebeu uma encomenda nossa que n\u00e3o encomendou? Contactar-nos<br \/>contacte a nossa equipa de apoio ao cliente o mais rapidamente poss\u00edvel. Eles podem dar-vos o<br \/>informa\u00e7\u00f5es sobre a encomenda e indicar-lhe os passos a dar para efetuar a encomenda.<br \/>deve fazer para resolver o problema.<\/p><p><strong>Servi\u00e7o ao cliente<\/strong><\/p><p>A nossa simp\u00e1tica equipa de apoio ao cliente est\u00e1 \u00e0 disposi\u00e7\u00e3o para responder a todas as suas perguntas.<br \/>para todos os aspectos da sua encomenda.<\/p><p>Correio eletr\u00f3nico: <a href=\"mailto:contact@fitsmart.io\">contact@fitsmart.io<\/a><\/p>\t\t\t\t\t\t\t\t<\/div>\n\t\t\t\t<\/div>\n\t\t\t\t\t<\/div>\n\t\t<\/div>\n\t\t\t\t\t<\/div>\n\t\t<\/section>\n\t\t\t\t<\/div>\n\t\t","protected":false},"excerpt":{"rendered":"<p>Informa\u00e7\u00f5es de envio Quanto tempo demora a minha encomenda a chegar? Esfor\u00e7amo-nos por entregar no prazo de 3 a 6 dias \u00fateis. Nas horas de ponta, como durante\u00c9 de esperar prazos de entrega mais longos durante os per\u00edodos de f\u00e9rias. A minha encomenda n\u00e3o chegou, o que devo fazer? Se n\u00e3o receber a sua encomenda&hellip; <a class=\"more-link\" href=\"https:\/\/fitsmart.io\/shop\/pt-pt\/expedicao\/\">Continue a ler <span class=\"screen-reader-text\">Expedi\u00e7\u00e3o<\/span><\/a><\/p>\n","protected":false},"author":1,"featured_media":0,"parent":0,"menu_order":0,"comment_status":"closed","ping_status":"closed","template":"elementor_header_footer","meta":{"_acf_changed":false,"bwfblock_default_font":"","inline_featured_image":false,"footnotes":""},"class_list":["post-10083","page","type-page","status-publish","hentry","entry"],"acf":[],"_links":{"self":[{"href":"https:\/\/fitsmart.io\/shop\/pt-pt\/wp-json\/wp\/v2\/pages\/10083","targetHints":{"allow":["GET"]}}],"collection":[{"href":"https:\/\/fitsmart.io\/shop\/pt-pt\/wp-json\/wp\/v2\/pages"}],"about":[{"href":"https:\/\/fitsmart.io\/shop\/pt-pt\/wp-json\/wp\/v2\/types\/page"}],"author":[{"embeddable":true,"href":"https:\/\/fitsmart.io\/shop\/pt-pt\/wp-json\/wp\/v2\/users\/1"}],"replies":[{"embeddable":true,"href":"https:\/\/fitsmart.io\/shop\/pt-pt\/wp-json\/wp\/v2\/comments?post=10083"}],"version-history":[{"count":4,"href":"https:\/\/fitsmart.io\/shop\/pt-pt\/wp-json\/wp\/v2\/pages\/10083\/revisions"}],"predecessor-version":[{"id":91054,"href":"https:\/\/fitsmart.io\/shop\/pt-pt\/wp-json\/wp\/v2\/pages\/10083\/revisions\/91054"}],"wp:attachment":[{"href":"https:\/\/fitsmart.io\/shop\/pt-pt\/wp-json\/wp\/v2\/media?parent=10083"}],"curies":[{"name":"wp","href":"https:\/\/api.w.org\/{rel}","templated":true}]}}