{"id":10022,"date":"2023-09-19T09:56:11","date_gmt":"2023-09-19T09:56:11","guid":{"rendered":"https:\/\/fitsmart.io\/shop\/regresso\/"},"modified":"2025-02-13T14:00:37","modified_gmt":"2025-02-13T14:00:37","slug":"regresso","status":"publish","type":"page","link":"https:\/\/fitsmart.io\/shop\/pt-pt\/regresso\/","title":{"rendered":"Regresso"},"content":{"rendered":"\t\t<div data-elementor-type=\"wp-page\" data-elementor-id=\"10022\" class=\"elementor elementor-10022 elementor-4689\" data-elementor-post-type=\"page\">\n\t\t\t\t\t\t<section class=\"elementor-section elementor-top-section elementor-element elementor-element-2b8f1d7 elementor-section-boxed elementor-section-height-default elementor-section-height-default\" data-id=\"2b8f1d7\" data-element_type=\"section\" data-settings=\"{&quot;background_background&quot;:&quot;gradient&quot;}\">\n\t\t\t\t\t\t<div class=\"elementor-container elementor-column-gap-default\">\n\t\t\t\t\t<div class=\"elementor-column elementor-col-100 elementor-top-column elementor-element elementor-element-2777167\" data-id=\"2777167\" data-element_type=\"column\">\n\t\t\t<div class=\"elementor-widget-wrap elementor-element-populated\">\n\t\t\t\t\t\t<div class=\"elementor-element elementor-element-6859a0c elementor-widget elementor-widget-heading\" data-id=\"6859a0c\" data-element_type=\"widget\" data-widget_type=\"heading.default\">\n\t\t\t\t<div class=\"elementor-widget-container\">\n\t\t\t\t\t<h2 class=\"elementor-heading-title elementor-size-default\">Regresso<\/h2>\t\t\t\t<\/div>\n\t\t\t\t<\/div>\n\t\t\t\t<div class=\"elementor-element elementor-element-81c5179 elementor-widget-divider--view-line elementor-widget elementor-widget-divider\" data-id=\"81c5179\" data-element_type=\"widget\" data-widget_type=\"divider.default\">\n\t\t\t\t<div class=\"elementor-widget-container\">\n\t\t\t\t\t\t\t<div class=\"elementor-divider\">\n\t\t\t<span class=\"elementor-divider-separator\">\n\t\t\t\t\t\t<\/span>\n\t\t<\/div>\n\t\t\t\t\t\t<\/div>\n\t\t\t\t<\/div>\n\t\t\t\t\t<\/div>\n\t\t<\/div>\n\t\t\t\t\t<\/div>\n\t\t<\/section>\n\t\t\t\t<section class=\"elementor-section elementor-top-section elementor-element elementor-element-ac5f1d7 terms-sctn elementor-section-boxed elementor-section-height-default elementor-section-height-default\" data-id=\"ac5f1d7\" data-element_type=\"section\">\n\t\t\t\t\t\t<div class=\"elementor-container elementor-column-gap-default\">\n\t\t\t\t\t<div class=\"elementor-column elementor-col-100 elementor-top-column elementor-element elementor-element-ade1b72\" data-id=\"ade1b72\" data-element_type=\"column\">\n\t\t\t<div class=\"elementor-widget-wrap elementor-element-populated\">\n\t\t\t\t\t\t<div class=\"elementor-element elementor-element-97e5812 elementor-widget elementor-widget-text-editor\" data-id=\"97e5812\" data-element_type=\"widget\" data-widget_type=\"text-editor.default\">\n\t\t\t\t<div class=\"elementor-widget-container\">\n\t\t\t\t\t\t\t\t\t<div class=\"section-title\"><h2><span class=\"selectable-text copyable-text\">Directrizes para devolu\u00e7\u00f5es e trocas<\/span><\/h2><p>\u00a0<\/p><\/div><div><p><strong>LEVAMOS A S\u00c9RIO A SATISFA\u00c7\u00c3O DO CLIENTE<\/strong><\/p><p><span class=\"selectable-text copyable-text\">Damos grande import\u00e2ncia a que a sua experi\u00eancia de compra connosco seja a melhor poss\u00edvel. Aqui encontrar\u00e1 informa\u00e7\u00f5es sobre o tratamento de devolu\u00e7\u00f5es, produtos danificados e cancelamentos.<\/span><\/p><p>\u00a0<\/p><\/div><p class=\"mb-0\"><strong>COMO PODE ANULAR UMA COMPRA IMEDIATAMENTE<\/strong><\/p><div id=\"collapse-0\" class=\"accordion-collapse collapse show\" data-bs-parent=\"#accordion\"><div class=\"accordion-body\"><p><span class=\"selectable-text copyable-text\">Tenha em aten\u00e7\u00e3o que o d\u00e9bito no seu cart\u00e3o de cr\u00e9dito s\u00f3 ser\u00e1 efectuado depois de o artigo ter sido enviado do nosso armaz\u00e9m. Se desejar anular a sua encomenda antes de esta ser expedida, contacte imediatamente o nosso servi\u00e7o de apoio ao cliente. Faremos o nosso melhor para guardar a encomenda antes de ser expedida. Normalmente, enviamos no mesmo dia. Se desejar cancelar uma encomenda, envie uma mensagem de correio eletr\u00f3nico para o nosso servi\u00e7o de apoio ao cliente com o assunto &#8220;Cancelamento&#8221; e o seu n\u00famero de encomenda, para que possamos processar corretamente o seu pedido. <\/span>Devido ao nosso processo de envio r\u00e1pido, n\u00e3o podemos garantir que todas as encomendas possam ser canceladas a tempo. Reembolsaremos o montante pago num prazo m\u00e1ximo de 15 dias.<\/p><p class=\"mb-0\"><strong>REEMBOLSAMOS OS ARTIGOS QUE NOS TENHAM SIDO DEVOLVIDOS CORRECTAMENTE<\/strong><\/p><div id=\"collapse-1\" class=\"accordion-collapse collapse show\" data-bs-parent=\"#accordion\"><div class=\"accordion-body\"><p>Se n\u00e3o ficar totalmente satisfeito com a sua compra, tem a possibilidade de devolver a mercadoria no prazo de 14 dias de calend\u00e1rio a contar da data de rece\u00e7\u00e3o. Todos os artigos devem ser devolvidos na sua embalagem original, n\u00e3o abertos, n\u00e3o utilizados e n\u00e3o danificados (se aplic\u00e1vel) e adequados para revenda.<\/p><\/div><\/div><p class=\"mb-0\"><strong>COMO NOS DEVOLVER OS BENS<\/strong><\/p><div id=\"collapse-2\" class=\"accordion-collapse collapse show\" data-bs-parent=\"#accordion\"><div class=\"accordion-body\"><p>Se pretender devolver um artigo, contacte primeiro o nosso servi\u00e7o de apoio ao cliente por correio eletr\u00f3nico<br \/><a href=\"mailto:%20service@leaderoo.com\">(clique aqui).<\/a> A menos que recebamos uma notifica\u00e7\u00e3o do utilizador, o reembolso n\u00e3o pode ser garantido. Os custos de devolu\u00e7\u00e3o incorridos pelo cliente n\u00e3o s\u00e3o reembols\u00e1veis.<\/p><p>\u00a0<\/p><p><strong>Endere\u00e7o para devolu\u00e7\u00e3o:<\/strong><\/p><p>A corrida 5303-A<br \/>Veldhoven 5503 LW<br \/>Holanda<\/p><p>\u00a0<\/p><p>Por favor, n\u00e3o nos devolva nada sem primeiro esclarecer o assunto com um membro da nossa equipa de apoio ao cliente <a href=\"mailto:%20service@leaderoo.com\">(clique aqui)<\/a>. Assim que recebermos a sua devolu\u00e7\u00e3o, reembolsaremos o montante pago num prazo m\u00e1ximo de 15 dias.<\/p><p class=\"mb-0\"><strong><br \/>TEM ALGUMA PERGUNTA?<\/strong><\/p><div id=\"collapse-7\" class=\"accordion-collapse collapse show\" data-bs-parent=\"#accordion\"><div class=\"accordion-body\">Contacte o nosso <a href=\"mailto:%20service@leaderoo.com\">servi\u00e7o de apoio ao cliente<\/a> para obter mais assist\u00eancia.<\/div><\/div><\/div><\/div><\/div><\/div>\t\t\t\t\t\t\t\t<\/div>\n\t\t\t\t<\/div>\n\t\t\t\t\t<\/div>\n\t\t<\/div>\n\t\t\t\t\t<\/div>\n\t\t<\/section>\n\t\t\t\t<\/div>\n\t\t","protected":false},"excerpt":{"rendered":"<p>Regresso Directrizes para devolu\u00e7\u00f5es e trocas \u00a0 LEVAMOS A S\u00c9RIO A SATISFA\u00c7\u00c3O DO CLIENTE Damos grande import\u00e2ncia a que a sua experi\u00eancia de compra connosco seja a melhor poss\u00edvel. Aqui encontrar\u00e1 informa\u00e7\u00f5es sobre o tratamento de devolu\u00e7\u00f5es, produtos danificados e cancelamentos. \u00a0 COMO PODE ANULAR UMA COMPRA IMEDIATAMENTE Tenha em aten\u00e7\u00e3o que o d\u00e9bito no&hellip; <a class=\"more-link\" href=\"https:\/\/fitsmart.io\/shop\/pt-pt\/regresso\/\">Continue a ler <span class=\"screen-reader-text\">Regresso<\/span><\/a><\/p>\n","protected":false},"author":1,"featured_media":0,"parent":0,"menu_order":0,"comment_status":"closed","ping_status":"closed","template":"elementor_header_footer","meta":{"_acf_changed":false,"bwfblock_default_font":"","inline_featured_image":false,"footnotes":""},"class_list":["post-10022","page","type-page","status-publish","hentry","entry"],"acf":[],"_links":{"self":[{"href":"https:\/\/fitsmart.io\/shop\/pt-pt\/wp-json\/wp\/v2\/pages\/10022","targetHints":{"allow":["GET"]}}],"collection":[{"href":"https:\/\/fitsmart.io\/shop\/pt-pt\/wp-json\/wp\/v2\/pages"}],"about":[{"href":"https:\/\/fitsmart.io\/shop\/pt-pt\/wp-json\/wp\/v2\/types\/page"}],"author":[{"embeddable":true,"href":"https:\/\/fitsmart.io\/shop\/pt-pt\/wp-json\/wp\/v2\/users\/1"}],"replies":[{"embeddable":true,"href":"https:\/\/fitsmart.io\/shop\/pt-pt\/wp-json\/wp\/v2\/comments?post=10022"}],"version-history":[{"count":4,"href":"https:\/\/fitsmart.io\/shop\/pt-pt\/wp-json\/wp\/v2\/pages\/10022\/revisions"}],"predecessor-version":[{"id":163316,"href":"https:\/\/fitsmart.io\/shop\/pt-pt\/wp-json\/wp\/v2\/pages\/10022\/revisions\/163316"}],"wp:attachment":[{"href":"https:\/\/fitsmart.io\/shop\/pt-pt\/wp-json\/wp\/v2\/media?parent=10022"}],"curies":[{"name":"wp","href":"https:\/\/api.w.org\/{rel}","templated":true}]}}