{"id":10005,"date":"2023-08-29T05:36:36","date_gmt":"2023-08-29T05:36:36","guid":{"rendered":"https:\/\/fitsmart.io\/shop\/ingredientes\/"},"modified":"2024-02-08T07:31:29","modified_gmt":"2024-02-08T07:31:29","slug":"ingredientes","status":"publish","type":"page","link":"https:\/\/fitsmart.io\/shop\/pt-pt\/ingredientes\/","title":{"rendered":"ingredientes"},"content":{"rendered":"\t\t<div data-elementor-type=\"wp-page\" data-elementor-id=\"10005\" class=\"elementor elementor-10005 elementor-1699\" data-elementor-post-type=\"page\">\n\t\t\t\t\t\t<section class=\"elementor-section elementor-top-section elementor-element elementor-element-1ee78f9 elementor-section-boxed elementor-section-height-default elementor-section-height-default\" data-id=\"1ee78f9\" data-element_type=\"section\" data-settings=\"{&quot;background_background&quot;:&quot;gradient&quot;}\">\n\t\t\t\t\t\t<div class=\"elementor-container elementor-column-gap-default\">\n\t\t\t\t\t<div class=\"elementor-column elementor-col-100 elementor-top-column elementor-element elementor-element-6306dd5\" data-id=\"6306dd5\" data-element_type=\"column\">\n\t\t\t<div class=\"elementor-widget-wrap elementor-element-populated\">\n\t\t\t\t\t\t<div class=\"elementor-element elementor-element-2c152ca elementor-widget elementor-widget-heading\" data-id=\"2c152ca\" data-element_type=\"widget\" data-widget_type=\"heading.default\">\n\t\t\t\t<div class=\"elementor-widget-container\">\n\t\t\t\t\t<h2 class=\"elementor-heading-title elementor-size-default\">Ingredientes<\/h2>\t\t\t\t<\/div>\n\t\t\t\t<\/div>\n\t\t\t\t<div class=\"elementor-element elementor-element-2e5f56c elementor-widget-divider--view-line elementor-widget elementor-widget-divider\" data-id=\"2e5f56c\" data-element_type=\"widget\" data-widget_type=\"divider.default\">\n\t\t\t\t<div class=\"elementor-widget-container\">\n\t\t\t\t\t\t\t<div class=\"elementor-divider\">\n\t\t\t<span class=\"elementor-divider-separator\">\n\t\t\t\t\t\t<\/span>\n\t\t<\/div>\n\t\t\t\t\t\t<\/div>\n\t\t\t\t<\/div>\n\t\t\t\t\t<\/div>\n\t\t<\/div>\n\t\t\t\t\t<\/div>\n\t\t<\/section>\n\t\t\t\t<section class=\"elementor-section elementor-top-section elementor-element elementor-element-793a223 elementor-section-stretched elementor-section-boxed elementor-section-height-default elementor-section-height-default\" data-id=\"793a223\" data-element_type=\"section\" data-settings=\"{&quot;stretch_section&quot;:&quot;section-stretched&quot;,&quot;background_background&quot;:&quot;classic&quot;}\">\n\t\t\t\t\t\t<div class=\"elementor-container elementor-column-gap-default\">\n\t\t\t\t\t<div class=\"elementor-column elementor-col-100 elementor-top-column elementor-element elementor-element-77cd9ab\" data-id=\"77cd9ab\" data-element_type=\"column\">\n\t\t\t<div class=\"elementor-widget-wrap elementor-element-populated\">\n\t\t\t\t\t\t<section class=\"elementor-section elementor-inner-section elementor-element elementor-element-59464b9 elementor-section-content-middle elementor-section-boxed elementor-section-height-default elementor-section-height-default\" data-id=\"59464b9\" data-element_type=\"section\">\n\t\t\t\t\t\t<div class=\"elementor-container elementor-column-gap-default\">\n\t\t\t\t\t<div class=\"elementor-column elementor-col-100 elementor-inner-column elementor-element elementor-element-311c6be\" data-id=\"311c6be\" data-element_type=\"column\">\n\t\t\t<div class=\"elementor-widget-wrap elementor-element-populated\">\n\t\t\t\t\t\t<div class=\"elementor-element elementor-element-54de97b elementor-widget__width-initial elementor-widget elementor-widget-text-editor\" data-id=\"54de97b\" data-element_type=\"widget\" data-widget_type=\"text-editor.default\">\n\t\t\t\t<div class=\"elementor-widget-container\">\n\t\t\t\t\t\t\t\t\t<p><span style=\"font-size: 14pt;\">Os ingredientes de FitSmart s\u00e3o cuidadosamente seleccionados e incluem a niacina (vitamina B3), o extrato de frutos de framboesa, o extrato de folhas de ch\u00e1 verde, o extrato de sementes de guaran\u00e1 e a N-acetil-L-carnitina. Cada um destes ingredientes contribui para a f\u00f3rmula \u00fanica que visa apoiar a sua sa\u00fade e bem-estar. Da niacina para aumentar o metabolismo energ\u00e9tico ao extrato de ch\u00e1 verde como fonte de antioxidantes, FitSmart oferece uma solu\u00e7\u00e3o hol\u00edstica para as suas necessidades nutricionais.<\/span><\/p>\n\t\t\t\t\t\t\t\t<\/div>\n\t\t\t\t<\/div>\n\t\t\t\t\t<\/div>\n\t\t<\/div>\n\t\t\t\t\t<\/div>\n\t\t<\/section>\n\t\t\t\t\t<\/div>\n\t\t<\/div>\n\t\t\t\t\t<\/div>\n\t\t<\/section>\n\t\t\t\t<section class=\"elementor-section elementor-top-section elementor-element elementor-element-f52ad36 elementor-section-stretched elementor-section-boxed elementor-section-height-default elementor-section-height-default\" data-id=\"f52ad36\" data-element_type=\"section\" data-settings=\"{&quot;stretch_section&quot;:&quot;section-stretched&quot;,&quot;background_background&quot;:&quot;classic&quot;}\">\n\t\t\t\t\t\t<div class=\"elementor-container elementor-column-gap-default\">\n\t\t\t\t\t<div class=\"elementor-column elementor-col-100 elementor-top-column elementor-element elementor-element-a478a7f\" data-id=\"a478a7f\" data-element_type=\"column\">\n\t\t\t<div class=\"elementor-widget-wrap elementor-element-populated\">\n\t\t\t\t\t\t<section class=\"elementor-section elementor-inner-section elementor-element elementor-element-c541892 elementor-section-content-middle elementor-section-boxed elementor-section-height-default elementor-section-height-default\" data-id=\"c541892\" data-element_type=\"section\">\n\t\t\t\t\t\t<div class=\"elementor-container elementor-column-gap-default\">\n\t\t\t\t\t<div class=\"elementor-column elementor-col-50 elementor-inner-column elementor-element elementor-element-a1ba719\" data-id=\"a1ba719\" data-element_type=\"column\" data-settings=\"{&quot;background_background&quot;:&quot;classic&quot;}\">\n\t\t\t<div class=\"elementor-widget-wrap elementor-element-populated\">\n\t\t\t\t\t\t<div class=\"elementor-element elementor-element-e9748ae elementor-widget elementor-widget-image\" data-id=\"e9748ae\" data-element_type=\"widget\" data-widget_type=\"image.default\">\n\t\t\t\t<div class=\"elementor-widget-container\">\n\t\t\t\t\t\t\t\t\t\t\t\t\t\t\t<img fetchpriority=\"high\" decoding=\"async\" width=\"300\" height=\"200\" src=\"https:\/\/fitsmart.io\/shop\/wp-content\/uploads\/2023\/09\/iStock-1164873532-300x200.jpg\" class=\"attachment-medium size-medium wp-image-9910\" alt=\"\" srcset=\"https:\/\/fitsmart.io\/shop\/wp-content\/uploads\/2023\/09\/iStock-1164873532-300x200.jpg 300w, https:\/\/fitsmart.io\/shop\/wp-content\/uploads\/2023\/09\/iStock-1164873532-600x400.jpg 600w, https:\/\/fitsmart.io\/shop\/wp-content\/uploads\/2023\/09\/iStock-1164873532.jpg 724w\" sizes=\"(max-width: 300px) 100vw, 300px\" style=\"width:100%;height:66.71%;max-width:724px\" \/>\t\t\t\t\t\t\t\t\t\t\t\t\t\t\t<\/div>\n\t\t\t\t<\/div>\n\t\t\t\t\t<\/div>\n\t\t<\/div>\n\t\t\t\t<div class=\"elementor-column elementor-col-50 elementor-inner-column elementor-element elementor-element-bdd7d9b\" data-id=\"bdd7d9b\" data-element_type=\"column\">\n\t\t\t<div class=\"elementor-widget-wrap elementor-element-populated\">\n\t\t\t\t\t\t<div class=\"elementor-element elementor-element-63458df elementor-widget elementor-widget-text-editor\" data-id=\"63458df\" data-element_type=\"widget\" data-widget_type=\"text-editor.default\">\n\t\t\t\t<div class=\"elementor-widget-container\">\n\t\t\t\t\t\t\t\t\t<figure class=\"table-home-ingred\">\n<table>\n<thead>\n<tr>\n<th>Zulaten &#8211; 1 c\u00e1psula<\/th>\n<th>&nbsp;<\/th>\n<th>% VNR.<\/th>\n<\/tr>\n<\/thead>\n<tbody>\n<tr>\n<td>\n<div class=\"page\" title=\"P\u00e1gina 1\">\n<div class=\"section\">\n<div class=\"layoutArea\">\n<div class=\"column\">\n<p>Niacina \/ vitamina B3<\/p>\n<\/div>\n<\/div>\n<\/div>\n<\/div>\n<\/td>\n<td>16mg<\/td>\n<td>**<\/td>\n<\/tr>\n<tr>\n<td>\n<div class=\"page\" title=\"P\u00e1gina 1\">\n<div class=\"section\">\n<div class=\"layoutArea\">\n<div class=\"column\">\n<p>Extrato de frutos de framboesa (Rubus idaeus) 10:1<\/p>\n<\/div>\n<\/div>\n<\/div>\n<\/div>\n<\/td>\n<td>150mg<\/td>\n<td>**<\/td>\n<\/tr>\n<tr>\n<td>\n<div class=\"page\" title=\"P\u00e1gina 1\">\n<div class=\"section\">\n<div class=\"layoutArea\">\n<div class=\"column\">\n<p>Extrato de folhas de ch\u00e1 verde (Camellia sinensis) 4:1<\/p>\n<\/div>\n<\/div>\n<\/div>\n<\/div>\n<\/td>\n<td>10mg<\/td>\n<td>**<\/td>\n<\/tr>\n<tr>\n<td>\n<div class=\"page\" title=\"P\u00e1gina 1\">\n<div class=\"section\">\n<div class=\"layoutArea\">\n<div class=\"column\">\n<p>Extrato de sementes de guaran\u00e1 (Paullinia cupana) 4:1<\/p>\n<\/div>\n<\/div>\n<\/div>\n<\/div>\n<\/td>\n<td>10mg<\/td>\n<td>**<\/td>\n<\/tr>\n<tr>\n<td>\n<div class=\"page\" title=\"P\u00e1gina 1\">\n<div class=\"section\">\n<div class=\"layoutArea\">\n<div class=\"column\">N-acetil-L-carnitina<\/div>\n<\/div>\n<\/div>\n<\/div>\n<\/td>\n<td>2mg<\/td>\n<td>**<\/td>\n<\/tr>\n<\/tbody>\n<\/table>\n<p><br>* Percentagem do valor de refer\u00eancia de acordo com o anexo XII do Regulamento FIR (CE) n.\u00ba 1169\/2011.<br>** N\u00e3o existe recomenda\u00e7\u00e3o dispon\u00edvel<\/p>\n<p><\/p>\n<\/figure>\t\t\t\t\t\t\t\t<\/div>\n\t\t\t\t<\/div>\n\t\t\t\t\t<\/div>\n\t\t<\/div>\n\t\t\t\t\t<\/div>\n\t\t<\/section>\n\t\t\t\t\t<\/div>\n\t\t<\/div>\n\t\t\t\t\t<\/div>\n\t\t<\/section>\n\t\t\t\t<section class=\"elementor-section elementor-top-section elementor-element elementor-element-9088d06 elementor-section-stretched elementor-hidden-desktop elementor-hidden-tablet elementor-hidden-mobile_extra elementor-hidden-mobile elementor-section-boxed elementor-section-height-default elementor-section-height-default\" data-id=\"9088d06\" data-element_type=\"section\" data-settings=\"{&quot;stretch_section&quot;:&quot;section-stretched&quot;,&quot;background_background&quot;:&quot;classic&quot;}\">\n\t\t\t\t\t\t<div class=\"elementor-container elementor-column-gap-default\">\n\t\t\t\t\t<div class=\"elementor-column elementor-col-100 elementor-top-column elementor-element elementor-element-6367759\" data-id=\"6367759\" data-element_type=\"column\">\n\t\t\t<div class=\"elementor-widget-wrap elementor-element-populated\">\n\t\t\t\t\t\t<section class=\"elementor-section elementor-inner-section elementor-element elementor-element-7536b50 elementor-section-content-middle service-points elementor-section-boxed elementor-section-height-default elementor-section-height-default\" data-id=\"7536b50\" data-element_type=\"section\" data-settings=\"{&quot;background_background&quot;:&quot;classic&quot;}\">\n\t\t\t\t\t\t<div class=\"elementor-container elementor-column-gap-default\">\n\t\t\t\t\t<div class=\"elementor-column elementor-col-25 elementor-inner-column elementor-element elementor-element-080f401\" data-id=\"080f401\" data-element_type=\"column\">\n\t\t\t<div class=\"elementor-widget-wrap elementor-element-populated\">\n\t\t\t\t\t\t<div class=\"elementor-element elementor-element-d3b010d elementor-position-left elementor-vertical-align-middle elementor-widget elementor-widget-image-box\" data-id=\"d3b010d\" data-element_type=\"widget\" data-widget_type=\"image-box.default\">\n\t\t\t\t<div class=\"elementor-widget-container\">\n\t\t\t\t\t<div class=\"elementor-image-box-wrapper\"><figure class=\"elementor-image-box-img\"><img decoding=\"async\" width=\"123\" height=\"119\" src=\"https:\/\/fitsmart.io\/shop\/wp-content\/uploads\/2023\/09\/icon-1.png\" class=\"attachment-full size-full wp-image-10011\" alt=\"\" style=\"width:100%;height:96.75%;max-width:123px\" \/><\/figure><div class=\"elementor-image-box-content\"><h3 class=\"elementor-image-box-title\">Refor\u00e7o do metabolismo<\/h3><\/div><\/div>\t\t\t\t<\/div>\n\t\t\t\t<\/div>\n\t\t\t\t\t<\/div>\n\t\t<\/div>\n\t\t\t\t<div class=\"elementor-column elementor-col-25 elementor-inner-column elementor-element elementor-element-35df81d\" data-id=\"35df81d\" data-element_type=\"column\">\n\t\t\t<div class=\"elementor-widget-wrap elementor-element-populated\">\n\t\t\t\t\t\t<div class=\"elementor-element elementor-element-3209dba elementor-position-left elementor-vertical-align-middle elementor-widget elementor-widget-image-box\" data-id=\"3209dba\" data-element_type=\"widget\" data-widget_type=\"image-box.default\">\n\t\t\t\t<div class=\"elementor-widget-container\">\n\t\t\t\t\t<div class=\"elementor-image-box-wrapper\"><figure class=\"elementor-image-box-img\"><img decoding=\"async\" width=\"123\" height=\"119\" src=\"https:\/\/fitsmart.io\/shop\/wp-content\/uploads\/2023\/09\/icon-2.png\" class=\"attachment-full size-full wp-image-10012\" alt=\"\" style=\"width:100%;height:96.75%;max-width:123px\" \/><\/figure><div class=\"elementor-image-box-content\"><h3 class=\"elementor-image-box-title\">Sa\u00fade imunit\u00e1ria<\/h3><\/div><\/div>\t\t\t\t<\/div>\n\t\t\t\t<\/div>\n\t\t\t\t\t<\/div>\n\t\t<\/div>\n\t\t\t\t<div class=\"elementor-column elementor-col-25 elementor-inner-column elementor-element elementor-element-b078436\" data-id=\"b078436\" data-element_type=\"column\">\n\t\t\t<div class=\"elementor-widget-wrap elementor-element-populated\">\n\t\t\t\t\t\t<div class=\"elementor-element elementor-element-8693860 elementor-position-left elementor-vertical-align-middle elementor-widget elementor-widget-image-box\" data-id=\"8693860\" data-element_type=\"widget\" data-widget_type=\"image-box.default\">\n\t\t\t\t<div class=\"elementor-widget-container\">\n\t\t\t\t\t<div class=\"elementor-image-box-wrapper\"><figure class=\"elementor-image-box-img\"><img loading=\"lazy\" decoding=\"async\" width=\"123\" height=\"119\" src=\"https:\/\/fitsmart.io\/shop\/wp-content\/uploads\/2023\/09\/icon-3.png\" class=\"attachment-full size-full wp-image-10013\" alt=\"\" style=\"width:100%;height:96.75%;max-width:123px\" \/><\/figure><div class=\"elementor-image-box-content\"><h3 class=\"elementor-image-box-title\">Delicioso sabor a frutos silvestres<\/h3><\/div><\/div>\t\t\t\t<\/div>\n\t\t\t\t<\/div>\n\t\t\t\t\t<\/div>\n\t\t<\/div>\n\t\t\t\t<div class=\"elementor-column elementor-col-25 elementor-inner-column elementor-element elementor-element-865ca76 last-box\" data-id=\"865ca76\" data-element_type=\"column\">\n\t\t\t<div class=\"elementor-widget-wrap elementor-element-populated\">\n\t\t\t\t\t\t<div class=\"elementor-element elementor-element-70bc98e elementor-position-left elementor-vertical-align-middle elementor-widget elementor-widget-image-box\" data-id=\"70bc98e\" data-element_type=\"widget\" data-widget_type=\"image-box.default\">\n\t\t\t\t<div class=\"elementor-widget-container\">\n\t\t\t\t\t<div class=\"elementor-image-box-wrapper\"><figure class=\"elementor-image-box-img\"><img loading=\"lazy\" decoding=\"async\" width=\"123\" height=\"119\" src=\"https:\/\/fitsmart.io\/shop\/wp-content\/uploads\/2023\/09\/icon-4.png\" class=\"attachment-full size-full wp-image-10014\" alt=\"\" style=\"width:100%;height:96.75%;max-width:123px\" \/><\/figure><div class=\"elementor-image-box-content\"><h3 class=\"elementor-image-box-title\">Sem aditivos indesej\u00e1veis<\/h3><\/div><\/div>\t\t\t\t<\/div>\n\t\t\t\t<\/div>\n\t\t\t\t\t<\/div>\n\t\t<\/div>\n\t\t\t\t\t<\/div>\n\t\t<\/section>\n\t\t\t\t\t<\/div>\n\t\t<\/div>\n\t\t\t\t\t<\/div>\n\t\t<\/section>\n\t\t\t\t<\/div>\n\t\t","protected":false},"excerpt":{"rendered":"<p>Ingredientes Os ingredientes de FitSmart s\u00e3o cuidadosamente seleccionados e incluem a niacina (vitamina B3), o extrato de frutos de framboesa, o extrato de folhas de ch\u00e1 verde, o extrato de sementes de guaran\u00e1 e a N-acetil-L-carnitina. Cada um destes ingredientes contribui para a f\u00f3rmula \u00fanica que visa apoiar a sua sa\u00fade e bem-estar. Da niacina&hellip; <a class=\"more-link\" href=\"https:\/\/fitsmart.io\/shop\/pt-pt\/ingredientes\/\">Continue a ler <span class=\"screen-reader-text\">ingredientes<\/span><\/a><\/p>\n","protected":false},"author":1,"featured_media":0,"parent":0,"menu_order":0,"comment_status":"closed","ping_status":"closed","template":"elementor_header_footer","meta":{"_acf_changed":false,"bwfblock_default_font":"","inline_featured_image":false,"footnotes":""},"class_list":["post-10005","page","type-page","status-publish","hentry","entry"],"acf":[],"_links":{"self":[{"href":"https:\/\/fitsmart.io\/shop\/pt-pt\/wp-json\/wp\/v2\/pages\/10005","targetHints":{"allow":["GET"]}}],"collection":[{"href":"https:\/\/fitsmart.io\/shop\/pt-pt\/wp-json\/wp\/v2\/pages"}],"about":[{"href":"https:\/\/fitsmart.io\/shop\/pt-pt\/wp-json\/wp\/v2\/types\/page"}],"author":[{"embeddable":true,"href":"https:\/\/fitsmart.io\/shop\/pt-pt\/wp-json\/wp\/v2\/users\/1"}],"replies":[{"embeddable":true,"href":"https:\/\/fitsmart.io\/shop\/pt-pt\/wp-json\/wp\/v2\/comments?post=10005"}],"version-history":[{"count":1,"href":"https:\/\/fitsmart.io\/shop\/pt-pt\/wp-json\/wp\/v2\/pages\/10005\/revisions"}],"predecessor-version":[{"id":10015,"href":"https:\/\/fitsmart.io\/shop\/pt-pt\/wp-json\/wp\/v2\/pages\/10005\/revisions\/10015"}],"wp:attachment":[{"href":"https:\/\/fitsmart.io\/shop\/pt-pt\/wp-json\/wp\/v2\/media?parent=10005"}],"curies":[{"name":"wp","href":"https:\/\/api.w.org\/{rel}","templated":true}]}}