{"id":7327,"date":"2023-09-04T07:25:31","date_gmt":"2023-09-04T07:25:31","guid":{"rendered":"https:\/\/fitsmart.io\/shop\/expedition\/"},"modified":"2024-05-31T13:08:25","modified_gmt":"2024-05-31T13:08:25","slug":"expedition","status":"publish","type":"page","link":"https:\/\/fitsmart.io\/shop\/fr\/expedition\/","title":{"rendered":"Exp\u00e9dition"},"content":{"rendered":"\t\t<div data-elementor-type=\"wp-page\" data-elementor-id=\"7327\" class=\"elementor elementor-7327 elementor-2756\" data-elementor-post-type=\"page\">\n\t\t\t\t\t\t<section class=\"elementor-section elementor-top-section elementor-element elementor-element-faa6436 elementor-section-boxed elementor-section-height-default elementor-section-height-default\" data-id=\"faa6436\" data-element_type=\"section\" data-settings=\"{&quot;background_background&quot;:&quot;gradient&quot;}\">\n\t\t\t\t\t\t<div class=\"elementor-container elementor-column-gap-default\">\n\t\t\t\t\t<div class=\"elementor-column elementor-col-100 elementor-top-column elementor-element elementor-element-7b70337\" data-id=\"7b70337\" data-element_type=\"column\">\n\t\t\t<div class=\"elementor-widget-wrap elementor-element-populated\">\n\t\t\t\t\t\t<div class=\"elementor-element elementor-element-f4665ce elementor-widget elementor-widget-heading\" data-id=\"f4665ce\" data-element_type=\"widget\" data-widget_type=\"heading.default\">\n\t\t\t\t<div class=\"elementor-widget-container\">\n\t\t\t\t\t<h2 class=\"elementor-heading-title elementor-size-default\">Informations sur l'exp\u00e9dition<\/h2>\t\t\t\t<\/div>\n\t\t\t\t<\/div>\n\t\t\t\t<div class=\"elementor-element elementor-element-f4a50cf elementor-widget-divider--view-line elementor-widget elementor-widget-divider\" data-id=\"f4a50cf\" data-element_type=\"widget\" data-widget_type=\"divider.default\">\n\t\t\t\t<div class=\"elementor-widget-container\">\n\t\t\t\t\t\t\t<div class=\"elementor-divider\">\n\t\t\t<span class=\"elementor-divider-separator\">\n\t\t\t\t\t\t<\/span>\n\t\t<\/div>\n\t\t\t\t\t\t<\/div>\n\t\t\t\t<\/div>\n\t\t\t\t\t<\/div>\n\t\t<\/div>\n\t\t\t\t\t<\/div>\n\t\t<\/section>\n\t\t\t\t<section class=\"elementor-section elementor-top-section elementor-element elementor-element-9e17a5f shipping-page elementor-section-boxed elementor-section-height-default elementor-section-height-default\" data-id=\"9e17a5f\" data-element_type=\"section\">\n\t\t\t\t\t\t<div class=\"elementor-container elementor-column-gap-default\">\n\t\t\t\t\t<div class=\"elementor-column elementor-col-100 elementor-top-column elementor-element elementor-element-4f61508\" data-id=\"4f61508\" data-element_type=\"column\">\n\t\t\t<div class=\"elementor-widget-wrap elementor-element-populated\">\n\t\t\t\t\t\t<div class=\"elementor-element elementor-element-426ca92 elementor-widget elementor-widget-text-editor\" data-id=\"426ca92\" data-element_type=\"widget\" data-widget_type=\"text-editor.default\">\n\t\t\t\t<div class=\"elementor-widget-container\">\n\t\t\t\t\t\t\t\t\t<p><strong>Combien de temps faut-il pour que ma commande arrive ?<\/strong><\/p><p>Nous nous effor\u00e7ons de livrer dans un d\u00e9lai de 3 \u00e0 6 jours ouvrables. Aux heures de pointe, par exemple \u00e0<br \/>p\u00e9riodes de vacances, il faut s&rsquo;attendre \u00e0 des d\u00e9lais de livraison plus longs.<\/p><p><strong>Ma commande n&rsquo;est pas arriv\u00e9e, que dois-je faire ?<\/strong><\/p><p>Si vous ne recevez pas votre commande 10 jours apr\u00e8s avoir re\u00e7u votre confirmation d&rsquo;exp\u00e9dition<br \/>veuillez vous adresser \u00e0 notre service client\u00e8le. Ils vous donneront si vite<br \/>que possible. Si vous n&rsquo;avez pas re\u00e7u de confirmation d&rsquo;envoi<br \/>veuillez v\u00e9rifier votre dossier de courrier ind\u00e9sirable.<\/p><p><strong>J&rsquo;ai re\u00e7u un colis de votre part que je n&rsquo;ai pas command\u00e9. Que puis-je faire ?<\/strong><\/p><p>Vous avez re\u00e7u un colis de notre part que vous n&rsquo;avez pas command\u00e9 ? Contacter<br \/>veuillez contacter notre \u00e9quipe du service client\u00e8le d\u00e8s que possible. Ils peuvent vous donner<br \/>vous fournir des informations sur la commande et vous indiquer les \u00e9tapes \u00e0 suivre.<br \/>pour r\u00e9soudre le probl\u00e8me.<\/p><p><strong>Service client\u00e8le<\/strong><\/p><p>Notre sympathique \u00e9quipe du service client\u00e8le est \u00e0 votre disposition pour r\u00e9pondre \u00e0 toutes vos questions.<br \/>pour tout ce qui concerne votre commande.<\/p><p>Courrier \u00e9lectronique : <a href=\"mailto:contact@fitsmart.io\">contact@fitsmart.io<\/a><\/p>\t\t\t\t\t\t\t\t<\/div>\n\t\t\t\t<\/div>\n\t\t\t\t\t<\/div>\n\t\t<\/div>\n\t\t\t\t\t<\/div>\n\t\t<\/section>\n\t\t\t\t<\/div>\n\t\t","protected":false},"excerpt":{"rendered":"<p>Informations sur l&rsquo;exp\u00e9dition Combien de temps faut-il pour que ma commande arrive ? Nous nous effor\u00e7ons de livrer dans un d\u00e9lai de 3 \u00e0 6 jours ouvrables. Aux heures de pointe, par exemple \u00e0p\u00e9riodes de vacances, il faut s&rsquo;attendre \u00e0 des d\u00e9lais de livraison plus longs. Ma commande n&rsquo;est pas arriv\u00e9e, que dois-je faire ?&hellip; <a class=\"more-link\" href=\"https:\/\/fitsmart.io\/shop\/fr\/expedition\/\">Poursuivre la lecture <span class=\"screen-reader-text\">Exp\u00e9dition<\/span><\/a><\/p>\n","protected":false},"author":1,"featured_media":0,"parent":0,"menu_order":0,"comment_status":"closed","ping_status":"closed","template":"elementor_header_footer","meta":{"_acf_changed":false,"bwfblock_default_font":"","inline_featured_image":false,"footnotes":""},"class_list":["post-7327","page","type-page","status-publish","hentry","entry"],"acf":[],"_links":{"self":[{"href":"https:\/\/fitsmart.io\/shop\/fr\/wp-json\/wp\/v2\/pages\/7327","targetHints":{"allow":["GET"]}}],"collection":[{"href":"https:\/\/fitsmart.io\/shop\/fr\/wp-json\/wp\/v2\/pages"}],"about":[{"href":"https:\/\/fitsmart.io\/shop\/fr\/wp-json\/wp\/v2\/types\/page"}],"author":[{"embeddable":true,"href":"https:\/\/fitsmart.io\/shop\/fr\/wp-json\/wp\/v2\/users\/1"}],"replies":[{"embeddable":true,"href":"https:\/\/fitsmart.io\/shop\/fr\/wp-json\/wp\/v2\/comments?post=7327"}],"version-history":[{"count":4,"href":"https:\/\/fitsmart.io\/shop\/fr\/wp-json\/wp\/v2\/pages\/7327\/revisions"}],"predecessor-version":[{"id":91037,"href":"https:\/\/fitsmart.io\/shop\/fr\/wp-json\/wp\/v2\/pages\/7327\/revisions\/91037"}],"wp:attachment":[{"href":"https:\/\/fitsmart.io\/shop\/fr\/wp-json\/wp\/v2\/media?parent=7327"}],"curies":[{"name":"wp","href":"https:\/\/api.w.org\/{rel}","templated":true}]}}