{"id":6955,"date":"2023-09-19T09:56:11","date_gmt":"2023-09-19T09:56:11","guid":{"rendered":"https:\/\/fitsmart.io\/shop\/retour\/"},"modified":"2025-02-13T13:57:48","modified_gmt":"2025-02-13T13:57:48","slug":"retour","status":"publish","type":"page","link":"https:\/\/fitsmart.io\/shop\/fr\/retour\/","title":{"rendered":"Politique de retour"},"content":{"rendered":"\t\t<div data-elementor-type=\"wp-page\" data-elementor-id=\"6955\" class=\"elementor elementor-6955 elementor-4689\" data-elementor-post-type=\"page\">\n\t\t\t\t\t\t<section class=\"elementor-section elementor-top-section elementor-element elementor-element-2b8f1d7 elementor-section-boxed elementor-section-height-default elementor-section-height-default\" data-id=\"2b8f1d7\" data-element_type=\"section\" data-settings=\"{&quot;background_background&quot;:&quot;gradient&quot;}\">\n\t\t\t\t\t\t<div class=\"elementor-container elementor-column-gap-default\">\n\t\t\t\t\t<div class=\"elementor-column elementor-col-100 elementor-top-column elementor-element elementor-element-2777167\" data-id=\"2777167\" data-element_type=\"column\">\n\t\t\t<div class=\"elementor-widget-wrap elementor-element-populated\">\n\t\t\t\t\t\t<div class=\"elementor-element elementor-element-6859a0c elementor-widget elementor-widget-heading\" data-id=\"6859a0c\" data-element_type=\"widget\" data-widget_type=\"heading.default\">\n\t\t\t\t<div class=\"elementor-widget-container\">\n\t\t\t\t\t<h2 class=\"elementor-heading-title elementor-size-default\">Politique de retour<\/h2>\t\t\t\t<\/div>\n\t\t\t\t<\/div>\n\t\t\t\t<div class=\"elementor-element elementor-element-81c5179 elementor-widget-divider--view-line elementor-widget elementor-widget-divider\" data-id=\"81c5179\" data-element_type=\"widget\" data-widget_type=\"divider.default\">\n\t\t\t\t<div class=\"elementor-widget-container\">\n\t\t\t\t\t\t\t<div class=\"elementor-divider\">\n\t\t\t<span class=\"elementor-divider-separator\">\n\t\t\t\t\t\t<\/span>\n\t\t<\/div>\n\t\t\t\t\t\t<\/div>\n\t\t\t\t<\/div>\n\t\t\t\t\t<\/div>\n\t\t<\/div>\n\t\t\t\t\t<\/div>\n\t\t<\/section>\n\t\t\t\t<section class=\"elementor-section elementor-top-section elementor-element elementor-element-ac5f1d7 terms-sctn elementor-section-boxed elementor-section-height-default elementor-section-height-default\" data-id=\"ac5f1d7\" data-element_type=\"section\">\n\t\t\t\t\t\t<div class=\"elementor-container elementor-column-gap-default\">\n\t\t\t\t\t<div class=\"elementor-column elementor-col-100 elementor-top-column elementor-element elementor-element-ade1b72\" data-id=\"ade1b72\" data-element_type=\"column\">\n\t\t\t<div class=\"elementor-widget-wrap elementor-element-populated\">\n\t\t\t\t\t\t<div class=\"elementor-element elementor-element-97e5812 elementor-widget elementor-widget-text-editor\" data-id=\"97e5812\" data-element_type=\"widget\" data-widget_type=\"text-editor.default\">\n\t\t\t\t<div class=\"elementor-widget-container\">\n\t\t\t\t\t\t\t\t\t<div>\n<h2><span>Politique de retour et d&rsquo;\u00e9change<\/span><\/h2>\n<p><\/p>\n<\/div>\n<div>\n<p><strong>NOUS PRENONS LA SATISFACTION DU CLIENT AU S\u00c9RIEUX<\/strong><\/p>\n<p><span>Nous attachons une grande importance \u00e0 ce que votre exp\u00e9rience d&rsquo;achat chez nous soit la meilleure possible. Vous trouverez ici des informations sur la gestion des retours, des produits endommag\u00e9s et des annulations.<\/span><\/p>\n<p><\/p>\n<\/div>\n<p><strong>COMMENT ANNULER UN ACHAT IMM\u00c9DIATEMENT<\/strong><\/p>\n<div data-bs-parent=\"#accordion\">\n<div>\n<p><span>Veuillez noter que votre carte de cr\u00e9dit ne sera pas d\u00e9bit\u00e9e tant que l&rsquo;article n&rsquo;aura pas \u00e9t\u00e9 exp\u00e9di\u00e9 de notre entrep\u00f4t. Si vous souhaitez annuler votre commande avant qu&rsquo;elle ne soit exp\u00e9di\u00e9e, veuillez contacter imm\u00e9diatement notre service client\u00e8le. Nous ferons de notre mieux pour retenir le colis avant qu&rsquo;il ne soit exp\u00e9di\u00e9. Normalement, nous exp\u00e9dions le jour m\u00eame. Si vous souhaitez annuler une commande, veuillez envoyer un e-mail \u00e0 notre service client\u00e8le en indiquant en objet \u00ab\u00a0Annulation\u00a0\u00bb et votre num\u00e9ro de commande afin que nous puissions traiter correctement votre demande.  <\/span>En raison de notre rapidit\u00e9 d&rsquo;exp\u00e9dition, nous ne pouvons pas garantir que chaque commande sera annul\u00e9e \u00e0 temps. Nous leur remboursons le montant pay\u00e9 dans un d\u00e9lai maximum de 15 jours.<\/p>\n<p><strong>NOUS REMBOURSONS LES ARTICLES QUI NOUS ONT \u00c9T\u00c9 CORRECTEMENT RETOURN\u00c9S<\/strong><\/p>\n<div data-bs-parent=\"#accordion\">\n<div>\n<p>Si vous n&rsquo;\u00eates pas enti\u00e8rement satisfait de votre achat, nous vous donnons la possibilit\u00e9 de nous retourner la marchandise dans les 14 jours calendaires suivant sa r\u00e9ception. Tous les articles doivent \u00eatre retourn\u00e9s dans leur emballage d&rsquo;origine, non ouverts, non utilis\u00e9s et non endommag\u00e9s (le cas \u00e9ch\u00e9ant) et doivent \u00eatre adapt\u00e9s \u00e0 la revente.<\/p>\n<\/div>\n<\/div>\n<p><strong>COMMENT NOUS RENVOYER LA MARCHANDISE<\/strong><\/p>\n<div data-bs-parent=\"#accordion\">\n<div>\n<p>Si vous souhaitez renvoyer un article, veuillez d&rsquo;abord contacter notre service client\u00e8le par e-mail<br><a href=\"mailto:%20service@leaderoo.com\">(veuillez cliquer ici).<\/a>  Si nous ne recevons aucune communication de votre part, un remboursement ne peut pas \u00eatre garanti. Les frais de retour engag\u00e9s par le client ne sont pas remboursables.<\/p>\n<p><br><\/p>\n<p><strong>Adresse de retour :<\/strong><\/p>\n<p>FitSmart<strong><br><\/strong><\/p>\n<p>La course 5303-A<\/p><p>Veldhoven 5503 LW<\/p><p>Pays-Bas<\/p>\n<p><br><\/p>\n<p>Veuillez ne rien renvoyer sans l&rsquo;accord pr\u00e9alable d&rsquo;un membre de notre \u00e9quipe du service client\u00e8le <a href=\"mailto:%20service@leaderoo.com\">(cliquez ici)<\/a>. D\u00e8s r\u00e9ception de votre retour, nous vous rembourserons le montant pay\u00e9 dans un d\u00e9lai maximum de 15 jours.<\/p>\n<p><strong><br>VOUS AVEZ DES QUESTIONS ?<\/strong><\/p>\n<div data-bs-parent=\"#accordion\">\n<div>Veuillez contacter notre <a href=\"mailto:%20service@leaderoo.com\">service client\u00e8le<\/a> pour obtenir de l&rsquo;aide.<\/div>\n<\/div>\n<\/div>\n<\/div>\n<\/div>\n<\/div>\t\t\t\t\t\t\t\t<\/div>\n\t\t\t\t<\/div>\n\t\t\t\t\t<\/div>\n\t\t<\/div>\n\t\t\t\t\t<\/div>\n\t\t<\/section>\n\t\t\t\t<\/div>\n\t\t","protected":false},"excerpt":{"rendered":"<p>Politique de retour Politique de retour et d&rsquo;\u00e9change NOUS PRENONS LA SATISFACTION DU CLIENT AU S\u00c9RIEUX Nous attachons une grande importance \u00e0 ce que votre exp\u00e9rience d&rsquo;achat chez nous soit la meilleure possible. Vous trouverez ici des informations sur la gestion des retours, des produits endommag\u00e9s et des annulations. COMMENT ANNULER UN ACHAT IMM\u00c9DIATEMENT Veuillez&hellip; <a class=\"more-link\" href=\"https:\/\/fitsmart.io\/shop\/fr\/retour\/\">Poursuivre la lecture <span class=\"screen-reader-text\">Politique de retour<\/span><\/a><\/p>\n","protected":false},"author":1,"featured_media":0,"parent":0,"menu_order":0,"comment_status":"closed","ping_status":"closed","template":"elementor_header_footer","meta":{"_acf_changed":false,"bwfblock_default_font":"","inline_featured_image":false,"footnotes":""},"class_list":["post-6955","page","type-page","status-publish","hentry","entry"],"acf":[],"_links":{"self":[{"href":"https:\/\/fitsmart.io\/shop\/fr\/wp-json\/wp\/v2\/pages\/6955","targetHints":{"allow":["GET"]}}],"collection":[{"href":"https:\/\/fitsmart.io\/shop\/fr\/wp-json\/wp\/v2\/pages"}],"about":[{"href":"https:\/\/fitsmart.io\/shop\/fr\/wp-json\/wp\/v2\/types\/page"}],"author":[{"embeddable":true,"href":"https:\/\/fitsmart.io\/shop\/fr\/wp-json\/wp\/v2\/users\/1"}],"replies":[{"embeddable":true,"href":"https:\/\/fitsmart.io\/shop\/fr\/wp-json\/wp\/v2\/comments?post=6955"}],"version-history":[{"count":7,"href":"https:\/\/fitsmart.io\/shop\/fr\/wp-json\/wp\/v2\/pages\/6955\/revisions"}],"predecessor-version":[{"id":163304,"href":"https:\/\/fitsmart.io\/shop\/fr\/wp-json\/wp\/v2\/pages\/6955\/revisions\/163304"}],"wp:attachment":[{"href":"https:\/\/fitsmart.io\/shop\/fr\/wp-json\/wp\/v2\/media?parent=6955"}],"curies":[{"name":"wp","href":"https:\/\/api.w.org\/{rel}","templated":true}]}}